{"id":5455,"date":"2021-07-26T11:22:31","date_gmt":"2021-07-26T11:22:31","guid":{"rendered":"https:\/\/creativetranslationworks.co.uk\/prices\/"},"modified":"2022-05-16T10:44:15","modified_gmt":"2022-05-16T10:44:15","slug":"faire-preise","status":"publish","type":"page","link":"https:\/\/creativetranslationworks.co.uk\/de\/faire-preise\/","title":{"rendered":"Faire Preise"},"content":{"rendered":"<p>[vc_row content_placement=&#8220;top&#8220; row_content_width=&#8220;grid&#8220; content_text_aligment=&#8220;center&#8220; simple_background_color=&#8220;#fafafa&#8220; css=&#8220;.vc_custom_1638177031517{padding-top: 60px !important;}&#8220;][vc_column offset=&#8220;vc_col-lg-offset-2 vc_col-lg-8&#8243;]<div class=\"eltdf-section-title-holder  eltdf-st-standard eltdf-st-title-left eltdf-st-normal-space eltdf-st-disable-title-break\" >\n\t<div class=\"eltdf-st-inner\">\n\t\t\t\t\t<h2 class=\"eltdf-st-title\" >\n\t\t\t\t\u00dcbersetzungsprozess\t\t\t<\/h2>\n\t\t\t\t\t<\/div>\n<\/div>[vc_empty_space height=&#8220;50px&#8220;][\/vc_column][\/vc_row][vc_row row_content_width=&#8220;grid&#8220; simple_background_color=&#8220;#fafafa&#8220; el_class=&#8220;icons-size&#8220;][vc_column width=&#8220;1\/4&#8243;]<div class=\"eltdf-iwt clearfix  eltdf-iwt-icon-top eltdf-iwt-icon-medium\">\n\t<div class=\"eltdf-iwt-icon\">\n\t\t\t\t\t\t\t\t\t<img loading=\"lazy\" decoding=\"async\" width=\"150\" height=\"150\" src=\"https:\/\/creativetranslationworks.co.uk\/wp-content\/uploads\/2021\/10\/path4461.png\" class=\"attachment-full size-full\" alt=\"\" \/>\t\t\t\t\t\t<\/div>\n\t<div class=\"eltdf-iwt-content\" >\n\t\t\t\t\t<\/div>\n<\/div>[vc_column_text]<\/p>\n<p style=\"text-align: center;\">Sobald Sie den Originaltext zu Ihrer Zufriedenheit bearbeitet haben, senden Sie ihn zur Analyse an<br \/>\nCreative TranslationWorks<\/p>\n<p>[\/vc_column_text][vc_empty_space height=&#8220;30px&#8220;][\/vc_column][vc_column width=&#8220;1\/4&#8243;]<div class=\"eltdf-iwt clearfix  eltdf-iwt-icon-top eltdf-iwt-icon-medium\">\n\t<div class=\"eltdf-iwt-icon\">\n\t\t\t\t\t\t\t\t\t<img loading=\"lazy\" decoding=\"async\" width=\"150\" height=\"150\" src=\"https:\/\/creativetranslationworks.co.uk\/wp-content\/uploads\/2021\/10\/path1327.png\" class=\"attachment-full size-full\" alt=\"\" \/>\t\t\t\t\t\t<\/div>\n\t<div class=\"eltdf-iwt-content\" >\n\t\t\t\t\t<\/div>\n<\/div>[vc_column_text]<\/p>\n<p style=\"text-align: center;\">Unter Ber\u00fccksichtigung Ihrer Anforderungen und der gew\u00fcnschten Fristen unterbreiten wir Ihnen einen Kostenvoranschlag<\/p>\n<p>[\/vc_column_text][vc_empty_space height=&#8220;30px&#8220;][\/vc_column][vc_column width=&#8220;1\/4&#8243;]<div class=\"eltdf-iwt clearfix  eltdf-iwt-icon-top eltdf-iwt-icon-medium\">\n\t<div class=\"eltdf-iwt-icon\">\n\t\t\t\t\t\t\t\t\t<img loading=\"lazy\" decoding=\"async\" width=\"150\" height=\"150\" src=\"https:\/\/creativetranslationworks.co.uk\/wp-content\/uploads\/2021\/10\/path3091.png\" class=\"attachment-full size-full\" alt=\"\" \/>\t\t\t\t\t\t<\/div>\n\t<div class=\"eltdf-iwt-content\" >\n\t\t\t\t\t<\/div>\n<\/div>[vc_column_text]<\/p>\n<p style=\"text-align: center;\">Sobald Sie unser Angebot (einschlie\u00dflich der allgemeinen Gesch\u00e4ftsbedingungen) akzeptieren, beginnen wir mit der \u00dcbersetzung.<\/p>\n<p>[\/vc_column_text][vc_empty_space height=&#8220;30px&#8220;][\/vc_column][vc_column width=&#8220;1\/4&#8243;]<div class=\"eltdf-iwt clearfix  eltdf-iwt-icon-top eltdf-iwt-icon-medium\">\n\t<div class=\"eltdf-iwt-icon\">\n\t\t\t\t\t\t\t\t\t<img loading=\"lazy\" decoding=\"async\" width=\"150\" height=\"150\" src=\"https:\/\/creativetranslationworks.co.uk\/wp-content\/uploads\/2021\/10\/path3073.png\" class=\"attachment-full size-full\" alt=\"\" \/>\t\t\t\t\t\t<\/div>\n\t<div class=\"eltdf-iwt-content\" >\n\t\t\t\t\t<\/div>\n<\/div>[vc_column_text]<\/p>\n<p style=\"text-align: center;\">Um Ihre Zufriedenheit zu gew\u00e4hrleisten, k\u00f6nnen wir bis zu zwei \u00dcberarbeitungen anbieten.<\/p>\n<p>[\/vc_column_text][\/vc_column][\/vc_row][vc_row content_placement=&#8220;top&#8220; row_content_width=&#8220;grid&#8220; content_text_aligment=&#8220;center&#8220; simple_background_color=&#8220;#fafafa&#8220;][vc_column offset=&#8220;vc_col-lg-offset-2 vc_col-lg-8&#8243;][vc_empty_space height=&#8220;40px&#8220;][\/vc_column][\/vc_row][vc_row gap=&#8220;10&#8243; row_content_width=&#8220;grid&#8220; css=&#8220;.vc_custom_1638177400161{padding-top: 60px !important;padding-bottom: 80px !important;}&#8220;][vc_column width=&#8220;8\/12&#8243;][vc_column_text]<\/p>\n<h2>Unsere Preise sind fair und marktgerecht.<\/h2>\n<p>[\/vc_column_text][vc_empty_space height=&#8220;13px&#8220;][vc_column_text]Jeder Auftrag ist anders. \u00dcbersetzen ist eine anspruchsvolle Aufgabe, die es erforderlich macht, vollst\u00e4ndig in die Welt des Kunden einzutauchen, um die Bedeutung Ihres Textes g\u00e4nzlich zu erfassen. Ziel ist es, die gleiche emotionale Reaktion wie beim Leser der Originalfassung hervorzurufen. Dabei nehmen wir uns Zeit f\u00fcr die Recherche und den Feinschliff des Textes, um sicherzustellen, dass er so pr\u00e4zise und einzigartig wie m\u00f6glich ist. All diese Aspekte versuchen wir so weit wie m\u00f6glich in unserem angemessenen Angebot zu ber\u00fccksichtigen.<\/p>\n<p>Sobald wir Ihren Text vorliegen haben, k\u00f6nnen wir Ihnen ein pr\u00e4zises Angebot unterbreiten.<\/p>\n<p>Als \u201evirtuelles\u201c Unternehmen h\u00e4lt Creative TranslationWorks seine Gemeinkosten niedrig und stellt so sicher, dass keine zus\u00e4tzlichen Kosten an Sie, den Kunden, weitergegeben werden. Au\u00dferdem sorgen wir daf\u00fcr, dass unser CO<sub>2<\/sub>-Fu\u00dfabdruck gering bleibt, indem wir unser Unternehmen zu 100\u00a0Prozent mit erneuerbarer Energie versorgen.[\/vc_column_text][\/vc_column][vc_column width=&#8220;4\/12&#8243;][vc_single_image image=&#8220;4797&#8243; img_size=&#8220;full&#8220; alignment=&#8220;center&#8220;][\/vc_column][\/vc_row][vc_row content_text_aligment=&#8220;center&#8220; css=&#8220;.vc_custom_1652281697136{background-image: url(https:\/\/creativetranslationworks.co.uk\/wp-content\/uploads\/2021\/08\/pascal-debrunner-UTbcrtjp18g-unsplash1.jpg?id=5330) !important;background-position: center !important;background-repeat: no-repeat !important;background-size: cover !important;}&#8220;][vc_column][vc_empty_space height=&#8220;120px&#8220;][vc_row_inner][vc_column_inner width=&#8220;1\/4&#8243;][\/vc_column_inner][vc_column_inner width=&#8220;1\/2&#8243;][vc_column_text]<\/p>\n<h3 style=\"text-align: center;\"><span style=\"color: #ffffff;\">Sprechen Sie Creative TranslationWorks jetzt zu Ihrem Projekt an. Wir antworten innerhalb eines Werktages, um Ihre Anforderungen im Detail zu besprechen.<\/span><\/h3>\n<p>[\/vc_column_text][vc_empty_space height=&#8220;40px&#8220;]<a itemprop=\"url\" href=\"https:\/\/creativetranslationworks.co.uk\/de\/#kontakt\" target=\"_self\"  class=\"eltdf-btn eltdf-btn-medium eltdf-btn-solid\"  >\n    <span class=\"eltdf-btn-text\">Kontakt<\/span>\n        <\/a>[\/vc_column_inner][vc_column_inner width=&#8220;1\/4&#8243;][\/vc_column_inner][\/vc_row_inner][vc_empty_space height=&#8220;120px&#8220;][\/vc_column][\/vc_row]<\/p>\n","protected":false},"excerpt":{"rendered":"<p>[vc_row content_placement=&#8220;top&#8220; row_content_width=&#8220;grid&#8220; content_text_aligment=&#8220;center&#8220; simple_background_color=&#8220;#fafafa&#8220; css=&#8220;.vc_custom_1638177031517{padding-top: 60px !important;}&#8220;][vc_column offset=&#8220;vc_col-lg-offset-2 vc_col-lg-8&#8243;][vc_empty_space height=&#8220;50px&#8220;][\/vc_column][\/vc_row][vc_row row_content_width=&#8220;grid&#8220; simple_background_color=&#8220;#fafafa&#8220; el_class=&#8220;icons-size&#8220;][vc_column width=&#8220;1\/4&#8243;][vc_column_text] Sobald Sie den Originaltext zu Ihrer Zufriedenheit bearbeitet haben, senden Sie ihn zur Analyse an Creative TranslationWorks [\/vc_column_text][vc_empty_space height=&#8220;30px&#8220;][\/vc_column][vc_column width=&#8220;1\/4&#8243;][vc_column_text] Unter Ber\u00fccksichtigung Ihrer Anforderungen und der gew\u00fcnschten Fristen unterbreiten wir [&hellip;]<\/p>\n","protected":false},"author":1,"featured_media":0,"parent":0,"menu_order":0,"comment_status":"closed","ping_status":"closed","template":"full-width.php","meta":{"footnotes":""},"class_list":["post-5455","page","type-page","status-publish","hentry"],"yoast_head":"<!-- This site is optimized with the Yoast SEO plugin v19.13 - https:\/\/yoast.com\/wordpress\/plugins\/seo\/ -->\n<title>\u00dcbersetzungen Deutsch-Englisch Kosten &amp; Abl\u00e4ufe | Creative TranslationWorks<\/title>\n<meta name=\"description\" content=\"Wir tauchen vollst\u00e4ndig in Ihre Welt ein, um die Bedeutung des Textes zu erfassen. Wir stellen ma\u00dfgeschneiderte Angebote zusammen \u2013 wir sind f\u00fcr Sie da!\" \/>\n<meta name=\"robots\" content=\"index, follow, max-snippet:-1, max-image-preview:large, max-video-preview:-1\" \/>\n<link rel=\"canonical\" href=\"https:\/\/creativetranslationworks.co.uk\/de\/faire-preise\/\" \/>\n<meta property=\"og:locale\" content=\"de_DE\" \/>\n<meta property=\"og:type\" content=\"article\" \/>\n<meta property=\"og:title\" content=\"\u00dcbersetzungen Deutsch-Englisch Kosten &amp; Abl\u00e4ufe | Creative TranslationWorks\" \/>\n<meta property=\"og:description\" content=\"Wir tauchen vollst\u00e4ndig in Ihre Welt ein, um die Bedeutung des Textes zu erfassen. Wir stellen ma\u00dfgeschneiderte Angebote zusammen \u2013 wir sind f\u00fcr Sie da!\" \/>\n<meta property=\"og:url\" content=\"https:\/\/creativetranslationworks.co.uk\/de\/faire-preise\/\" \/>\n<meta property=\"og:site_name\" content=\"Creative TranslationWorks\" \/>\n<meta property=\"article:modified_time\" content=\"2022-05-16T10:44:15+00:00\" \/>\n<meta name=\"twitter:card\" content=\"summary_large_image\" \/>\n<meta name=\"twitter:label1\" content=\"Gesch\u00e4tzte Lesezeit\" \/>\n\t<meta name=\"twitter:data1\" content=\"2\u00a0Minuten\" \/>\n<script type=\"application\/ld+json\" class=\"yoast-schema-graph\">{\"@context\":\"https:\/\/schema.org\",\"@graph\":[{\"@type\":\"WebPage\",\"@id\":\"https:\/\/creativetranslationworks.co.uk\/de\/faire-preise\/\",\"url\":\"https:\/\/creativetranslationworks.co.uk\/de\/faire-preise\/\",\"name\":\"\u00dcbersetzungen Deutsch-Englisch Kosten & Abl\u00e4ufe | Creative TranslationWorks\",\"isPartOf\":{\"@id\":\"https:\/\/creativetranslationworks.co.uk\/#website\"},\"datePublished\":\"2021-07-26T11:22:31+00:00\",\"dateModified\":\"2022-05-16T10:44:15+00:00\",\"description\":\"Wir tauchen vollst\u00e4ndig in Ihre Welt ein, um die Bedeutung des Textes zu erfassen. Wir stellen ma\u00dfgeschneiderte Angebote zusammen \u2013 wir sind f\u00fcr Sie da!\",\"breadcrumb\":{\"@id\":\"https:\/\/creativetranslationworks.co.uk\/de\/faire-preise\/#breadcrumb\"},\"inLanguage\":\"de\",\"potentialAction\":[{\"@type\":\"ReadAction\",\"target\":[\"https:\/\/creativetranslationworks.co.uk\/de\/faire-preise\/\"]}]},{\"@type\":\"BreadcrumbList\",\"@id\":\"https:\/\/creativetranslationworks.co.uk\/de\/faire-preise\/#breadcrumb\",\"itemListElement\":[{\"@type\":\"ListItem\",\"position\":1,\"name\":\"Home\",\"item\":\"https:\/\/creativetranslationworks.co.uk\/de\/\"},{\"@type\":\"ListItem\",\"position\":2,\"name\":\"Faire Preise\"}]},{\"@type\":\"WebSite\",\"@id\":\"https:\/\/creativetranslationworks.co.uk\/#website\",\"url\":\"https:\/\/creativetranslationworks.co.uk\/\",\"name\":\"Creative TranslationWorks\",\"description\":\"Communicating your brand to the UK market\",\"potentialAction\":[{\"@type\":\"SearchAction\",\"target\":{\"@type\":\"EntryPoint\",\"urlTemplate\":\"https:\/\/creativetranslationworks.co.uk\/?s={search_term_string}\"},\"query-input\":\"required name=search_term_string\"}],\"inLanguage\":\"de\"}]}<\/script>\n<!-- \/ Yoast SEO plugin. -->","yoast_head_json":{"title":"\u00dcbersetzungen Deutsch-Englisch Kosten & Abl\u00e4ufe | Creative TranslationWorks","description":"Wir tauchen vollst\u00e4ndig in Ihre Welt ein, um die Bedeutung des Textes zu erfassen. Wir stellen ma\u00dfgeschneiderte Angebote zusammen \u2013 wir sind f\u00fcr Sie da!","robots":{"index":"index","follow":"follow","max-snippet":"max-snippet:-1","max-image-preview":"max-image-preview:large","max-video-preview":"max-video-preview:-1"},"canonical":"https:\/\/creativetranslationworks.co.uk\/de\/faire-preise\/","og_locale":"de_DE","og_type":"article","og_title":"\u00dcbersetzungen Deutsch-Englisch Kosten & Abl\u00e4ufe | Creative TranslationWorks","og_description":"Wir tauchen vollst\u00e4ndig in Ihre Welt ein, um die Bedeutung des Textes zu erfassen. Wir stellen ma\u00dfgeschneiderte Angebote zusammen \u2013 wir sind f\u00fcr Sie da!","og_url":"https:\/\/creativetranslationworks.co.uk\/de\/faire-preise\/","og_site_name":"Creative TranslationWorks","article_modified_time":"2022-05-16T10:44:15+00:00","twitter_card":"summary_large_image","twitter_misc":{"Gesch\u00e4tzte Lesezeit":"2\u00a0Minuten"},"schema":{"@context":"https:\/\/schema.org","@graph":[{"@type":"WebPage","@id":"https:\/\/creativetranslationworks.co.uk\/de\/faire-preise\/","url":"https:\/\/creativetranslationworks.co.uk\/de\/faire-preise\/","name":"\u00dcbersetzungen Deutsch-Englisch Kosten & Abl\u00e4ufe | Creative TranslationWorks","isPartOf":{"@id":"https:\/\/creativetranslationworks.co.uk\/#website"},"datePublished":"2021-07-26T11:22:31+00:00","dateModified":"2022-05-16T10:44:15+00:00","description":"Wir tauchen vollst\u00e4ndig in Ihre Welt ein, um die Bedeutung des Textes zu erfassen. Wir stellen ma\u00dfgeschneiderte Angebote zusammen \u2013 wir sind f\u00fcr Sie da!","breadcrumb":{"@id":"https:\/\/creativetranslationworks.co.uk\/de\/faire-preise\/#breadcrumb"},"inLanguage":"de","potentialAction":[{"@type":"ReadAction","target":["https:\/\/creativetranslationworks.co.uk\/de\/faire-preise\/"]}]},{"@type":"BreadcrumbList","@id":"https:\/\/creativetranslationworks.co.uk\/de\/faire-preise\/#breadcrumb","itemListElement":[{"@type":"ListItem","position":1,"name":"Home","item":"https:\/\/creativetranslationworks.co.uk\/de\/"},{"@type":"ListItem","position":2,"name":"Faire Preise"}]},{"@type":"WebSite","@id":"https:\/\/creativetranslationworks.co.uk\/#website","url":"https:\/\/creativetranslationworks.co.uk\/","name":"Creative TranslationWorks","description":"Communicating your brand to the UK market","potentialAction":[{"@type":"SearchAction","target":{"@type":"EntryPoint","urlTemplate":"https:\/\/creativetranslationworks.co.uk\/?s={search_term_string}"},"query-input":"required name=search_term_string"}],"inLanguage":"de"}]}},"_links":{"self":[{"href":"https:\/\/creativetranslationworks.co.uk\/de\/wp-json\/wp\/v2\/pages\/5455","targetHints":{"allow":["GET"]}}],"collection":[{"href":"https:\/\/creativetranslationworks.co.uk\/de\/wp-json\/wp\/v2\/pages"}],"about":[{"href":"https:\/\/creativetranslationworks.co.uk\/de\/wp-json\/wp\/v2\/types\/page"}],"author":[{"embeddable":true,"href":"https:\/\/creativetranslationworks.co.uk\/de\/wp-json\/wp\/v2\/users\/1"}],"replies":[{"embeddable":true,"href":"https:\/\/creativetranslationworks.co.uk\/de\/wp-json\/wp\/v2\/comments?post=5455"}],"version-history":[{"count":8,"href":"https:\/\/creativetranslationworks.co.uk\/de\/wp-json\/wp\/v2\/pages\/5455\/revisions"}],"predecessor-version":[{"id":5598,"href":"https:\/\/creativetranslationworks.co.uk\/de\/wp-json\/wp\/v2\/pages\/5455\/revisions\/5598"}],"wp:attachment":[{"href":"https:\/\/creativetranslationworks.co.uk\/de\/wp-json\/wp\/v2\/media?parent=5455"}],"curies":[{"name":"wp","href":"https:\/\/api.w.org\/{rel}","templated":true}]}}