{"id":5437,"date":"2021-07-26T11:17:41","date_gmt":"2021-07-26T11:17:41","guid":{"rendered":"https:\/\/creativetranslationworks.co.uk\/happy-customers\/"},"modified":"2022-05-16T10:41:38","modified_gmt":"2022-05-16T10:41:38","slug":"zufriedene-kunden","status":"publish","type":"page","link":"https:\/\/creativetranslationworks.co.uk\/de\/zufriedene-kunden\/","title":{"rendered":"Kundenresonanz"},"content":{"rendered":"<p>[vc_row row_content_width=&#8220;grid&#8220; css=&#8220;.vc_custom_1633939237218{padding-top: 110px !important;padding-bottom: 50px !important;}&#8220;][vc_column]\n<div class=\"eltdf-testimonials-holder clearfix eltdf-testimonials-carousel  eltdf-testimonials-nav-on-touch-yes\">\n\t<span class=\"eltdf-testimonial-mark\">\u201d<\/span>\n\t\t\n\t\t\n\t\t\n\t\t\n\t\t\n\t<div class=\"eltdf-testimonial-image-nav eltdf-owl-custom-slider\">\n\t\t\t\t\t<div class=\"eltdf-testimonial-image\"><\/div>\n\t\t\t\t\t<div class=\"eltdf-testimonial-image\"><\/div>\n\t\t\t\t\t<div class=\"eltdf-testimonial-image\"><\/div>\n\t\t\t\t\t<div class=\"eltdf-testimonial-image\"><\/div>\n\t\t\t<\/div>\n\t<div class=\"eltdf-testimonials eltdf-owl-custom-slider eltdf-testimonials-main\" data-number-of-items=\"1\" data-enable-loop=\"yes\" data-enable-autoplay=\"yes\" data-slider-speed=\"5000\" data-slider-speed-animation=\"600\" data-enable-navigation=\"yes\" data-enable-pagination=\"yes\"  data-enable-center=\"yes\">\n        \t            \n                <div class=\"eltdf-testimonial-content\" id=\"eltdf-testimonials-5439\">\n                    <div class=\"eltdf-testimonial-text-holder\">\n\t                  \n                                                    <p class=\"eltdf-testimonial-text\">\u201eWir und unsere Kunden sind mit der Qualit\u00e4t ihrer \u00dcbersetzungen sehr zufrieden. Zudem ist Frau Davey eine h\u00f6chst zuverl\u00e4ssige Mitarbeiterin, liefert immer p\u00fcnktlich und arbeitet auch sehr gut im Team.\u201c<\/p>\n                                                                            <div class=\"eltdf-testimonial-author\">\n                                <span class=\"eltdf-testimonials-author-name\">Inhaberin einer Sprachenservice<\/span>\n                            <\/div>\n\t                        <h5 class=\"eltdf-testimonial-author-job-title\">\n\t                        \t\t                        <span class=\"eltdf-testimonials-author-job\">N\u00fcrnberg<\/span>\n\t                                                    <\/h5>\n                                            <\/div>\n                <\/div>\n\n                \t            \n                <div class=\"eltdf-testimonial-content\" id=\"eltdf-testimonials-5445\">\n                    <div class=\"eltdf-testimonial-text-holder\">\n\t                  \n                                                    <p class=\"eltdf-testimonial-text\">\u201eIch soll Dir auch von Dawn ihren Dank f\u00fcr die tollen \u00dcbersetzungen ausrichten!! Das wollte sie schon l\u00e4ngst machen. Und ich schlie\u00dfe mich gern an. Und vielen Dank nochmal; auch f\u00fcr das nicht selbstverst\u00e4ndliche, gro\u00dfe Engagement in diesem Projekt!\u201c<\/p>\n                                                                            <div class=\"eltdf-testimonial-author\">\n                                <span class=\"eltdf-testimonials-author-name\">Projektmanagerin, Kerber Verlag<\/span>\n                            <\/div>\n\t                        <h5 class=\"eltdf-testimonial-author-job-title\">\n\t                        \t\t                        <span class=\"eltdf-testimonials-author-job\">Berlin<\/span>\n\t                                                    <\/h5>\n                                            <\/div>\n                <\/div>\n\n                \t            \n                <div class=\"eltdf-testimonial-content\" id=\"eltdf-testimonials-5444\">\n                    <div class=\"eltdf-testimonial-text-holder\">\n\t                  \n                                                    <p class=\"eltdf-testimonial-text\">\u201eNochmals ganz, ganz vielen Dank. Ich habe alle Deine \u00c4nderungen noch eingepflegt, auch die Skala unten. Gut, dass Du das gesehen hast!\u201c<\/p>\n                                                                            <div class=\"eltdf-testimonial-author\">\n                                <span class=\"eltdf-testimonials-author-name\">Mitarbeit mit einer \u00dcbersetzerin<\/span>\n                            <\/div>\n\t                        <h5 class=\"eltdf-testimonial-author-job-title\">\n\t                        \t\t                        <span class=\"eltdf-testimonials-author-job\">N\u00fcrnberg<\/span>\n\t                                                    <\/h5>\n                                            <\/div>\n                <\/div>\n\n                \t            \n                <div class=\"eltdf-testimonial-content\" id=\"eltdf-testimonials-5443\">\n                    <div class=\"eltdf-testimonial-text-holder\">\n\t                  \n                                                    <p class=\"eltdf-testimonial-text\">\u201eSeit 2016 macht Lisa f\u00fcr meine Stiftung Porvenir Peru  die \u00dcbersetzungen der Jahresberichte von DE auf EN, und ich bin mit der professionellen Arbeit von Lisa sehr zufrieden. Im Gegensatz zu einem \u00dcbersetzungsb\u00fcro, bin ich froh, dass ich f\u00fcr meine \u00dcbersetzungen immer dieselbe Ansprechperson habe und einen sehr pers\u00f6nlichen Service von Lisa erhalte. Ich kann Lisa f\u00fcr \u00dcbersetzungen von DE auf EN definitiv weiterempfehlen.\u201c<\/p>\n                                                                            <div class=\"eltdf-testimonial-author\">\n                                <span class=\"eltdf-testimonials-author-name\">Ernesto Zulliger<\/span>\n                            <\/div>\n\t                        <h5 class=\"eltdf-testimonial-author-job-title\">\n\t                        \t\t                        <span class=\"eltdf-testimonials-author-job\">Gr\u00fcnder Stiftung Porvenir Peru<\/span>\n\t                                                    <\/h5>\n                                            <\/div>\n                <\/div>\n\n                    <\/div>\n<\/div>[\/vc_column][\/vc_row][vc_row disable_element=&#8220;yes&#8220; row_content_width=&#8220;grid&#8220; css=&#8220;.vc_custom_1639477230101{padding-top: 110px !important;padding-bottom: 50px !important;}&#8220;][vc_column]<div class=\"eltdf-clients-carousel-holder eltdf-cc-hover-none\">\n\t<div class=\"eltdf-cc-inner eltdf-owl-slider\" data-number-of-items=\"5\" data-enable-loop=\"yes\" data-enable-autoplay=\"yes\" data-slider-speed=\"5000\" data-slider-speed-animation=\"600\" data-enable-navigation=\"no\" data-enable-pagination=\"yes\">\n\t\t<div class=\"eltdf-cc-item eltdf-item-space eltdf-cci-no-link\">\n\t\t\t\t\t\t<img decoding=\"async\" itemprop=\"image\" class=\"eltdf-cc-image\" src=\"https:\/\/creativetranslationworks.co.uk\/wp-content\/uploads\/2021\/10\/clients-logo-1.png\" alt=\"\" \/>\n\t\t\t\t\t<\/div><div class=\"eltdf-cc-item eltdf-item-space eltdf-cci-no-link\">\n\t\t\t\t\t\t<img decoding=\"async\" itemprop=\"image\" class=\"eltdf-cc-image\" src=\"https:\/\/creativetranslationworks.co.uk\/wp-content\/uploads\/2021\/10\/clients-logo-2.png\" alt=\"\" \/>\n\t\t\t\t\t<\/div><div class=\"eltdf-cc-item eltdf-item-space eltdf-cci-no-link\">\n\t\t\t\t\t\t<img decoding=\"async\" itemprop=\"image\" class=\"eltdf-cc-image\" src=\"https:\/\/creativetranslationworks.co.uk\/wp-content\/uploads\/2021\/10\/clients-logo-6.png\" alt=\"\" \/>\n\t\t\t\t\t<\/div><div class=\"eltdf-cc-item eltdf-item-space eltdf-cci-no-link\">\n\t\t\t\t\t\t<img decoding=\"async\" itemprop=\"image\" class=\"eltdf-cc-image\" src=\"https:\/\/creativetranslationworks.co.uk\/wp-content\/uploads\/2021\/10\/clients-logo-4.png\" alt=\"\" \/>\n\t\t\t\t\t<\/div><div class=\"eltdf-cc-item eltdf-item-space eltdf-cci-no-link\">\n\t\t\t\t\t\t<img decoding=\"async\" itemprop=\"image\" class=\"eltdf-cc-image\" src=\"https:\/\/creativetranslationworks.co.uk\/wp-content\/uploads\/2021\/10\/clients-logo-5.png\" alt=\"\" \/>\n\t\t\t\t\t<\/div><div class=\"eltdf-cc-item eltdf-item-space eltdf-cci-no-link\">\n\t\t\t\t\t\t<img decoding=\"async\" itemprop=\"image\" class=\"eltdf-cc-image\" src=\"https:\/\/creativetranslationworks.co.uk\/wp-content\/uploads\/2021\/10\/clients-logo-9.png\" alt=\"\" \/>\n\t\t\t\t\t<\/div><div class=\"eltdf-cc-item eltdf-item-space eltdf-cci-no-link\">\n\t\t\t\t\t\t<img decoding=\"async\" itemprop=\"image\" class=\"eltdf-cc-image\" src=\"https:\/\/creativetranslationworks.co.uk\/wp-content\/uploads\/2021\/10\/clients-logo-8.png\" alt=\"\" \/>\n\t\t\t\t\t<\/div><div class=\"eltdf-cc-item eltdf-item-space eltdf-cci-no-link\">\n\t\t\t\t\t\t<img decoding=\"async\" itemprop=\"image\" class=\"eltdf-cc-image\" src=\"https:\/\/creativetranslationworks.co.uk\/wp-content\/uploads\/2021\/10\/clients-logo-7.png\" alt=\"\" \/>\n\t\t\t\t\t<\/div>\t<\/div>\n<\/div>[\/vc_column][\/vc_row][vc_row content_text_aligment=&#8220;center&#8220; css=&#8220;.vc_custom_1652281652701{padding-right: 10px !important;padding-left: 10px !important;background-image: url(https:\/\/creativetranslationworks.co.uk\/wp-content\/uploads\/2021\/08\/pascal-debrunner-UTbcrtjp18g-unsplash1.jpg?id=5330) !important;background-position: center !important;background-repeat: no-repeat !important;background-size: cover !important;}&#8220;][vc_column][vc_empty_space height=&#8220;120px&#8220;][vc_row_inner][vc_column_inner width=&#8220;1\/4&#8243;][\/vc_column_inner][vc_column_inner width=&#8220;1\/2&#8243;][vc_column_text]<\/p>\n<h3 style=\"text-align: center;\"><span style=\"color: #ffffff;\">Sprechen Sie Creative TranslationWorks jetzt zu Ihrem Projekt an. Wir antworten innerhalb eines Werktages, um Ihre Anforderungen im Detail zu besprechen.<\/span><\/h3>\n<p>[\/vc_column_text][vc_empty_space height=&#8220;40px&#8220;]<a itemprop=\"url\" href=\"https:\/\/creativetranslationworks.co.uk\/de\/#kontakt\" target=\"_self\"  class=\"eltdf-btn eltdf-btn-medium eltdf-btn-solid\"  >\n    <span class=\"eltdf-btn-text\">Kontakt<\/span>\n        <\/a>[\/vc_column_inner][vc_column_inner width=&#8220;1\/4&#8243;][\/vc_column_inner][\/vc_row_inner][vc_empty_space height=&#8220;120px&#8220;][\/vc_column][\/vc_row]<\/p>\n","protected":false},"excerpt":{"rendered":"<p>[vc_row row_content_width=&#8220;grid&#8220; css=&#8220;.vc_custom_1633939237218{padding-top: 110px !important;padding-bottom: 50px !important;}&#8220;][vc_column][\/vc_column][\/vc_row][vc_row disable_element=&#8220;yes&#8220; row_content_width=&#8220;grid&#8220; css=&#8220;.vc_custom_1639477230101{padding-top: 110px !important;padding-bottom: 50px !important;}&#8220;][vc_column][\/vc_column][\/vc_row][vc_row content_text_aligment=&#8220;center&#8220; css=&#8220;.vc_custom_1652281652701{padding-right: 10px !important;padding-left: 10px !important;background-image: url(https:\/\/creativetranslationworks.co.uk\/wp-content\/uploads\/2021\/08\/pascal-debrunner-UTbcrtjp18g-unsplash1.jpg?id=5330) !important;background-position: center !important;background-repeat: no-repeat !important;background-size: cover !important;}&#8220;][vc_column][vc_empty_space height=&#8220;120px&#8220;][vc_row_inner][vc_column_inner width=&#8220;1\/4&#8243;][\/vc_column_inner][vc_column_inner width=&#8220;1\/2&#8243;][vc_column_text] Sprechen Sie Creative TranslationWorks jetzt zu Ihrem Projekt an. Wir antworten innerhalb eines Werktages, [&hellip;]<\/p>\n","protected":false},"author":1,"featured_media":0,"parent":0,"menu_order":0,"comment_status":"closed","ping_status":"closed","template":"full-width.php","meta":{"footnotes":""},"class_list":["post-5437","page","type-page","status-publish","hentry"],"yoast_head":"<!-- This site is optimized with the Yoast SEO plugin v19.13 - https:\/\/yoast.com\/wordpress\/plugins\/seo\/ -->\n<title>Fach\u00fcbersetzerin und Transkreatorin Deutsch-Englisch | Kundenresonanz<\/title>\n<meta name=\"description\" content=\"\u201eIch kann Lisa f\u00fcr \u00dcbersetzungen von DE auf EN definitiv weiterempfehlen.\u201c Lesen Sie mehr dar\u00fcber, wie ich meine Kunden mit \u00dcbersetzungen unterst\u00fctze und ihren Erfolg maximiere.\" \/>\n<meta name=\"robots\" content=\"index, follow, max-snippet:-1, max-image-preview:large, max-video-preview:-1\" \/>\n<link rel=\"canonical\" href=\"https:\/\/creativetranslationworks.co.uk\/de\/zufriedene-kunden\/\" \/>\n<meta property=\"og:locale\" content=\"de_DE\" \/>\n<meta property=\"og:type\" content=\"article\" \/>\n<meta property=\"og:title\" content=\"Fach\u00fcbersetzerin und Transkreatorin Deutsch-Englisch | Kundenresonanz\" \/>\n<meta property=\"og:description\" content=\"\u201eIch kann Lisa f\u00fcr \u00dcbersetzungen von DE auf EN definitiv weiterempfehlen.\u201c Lesen Sie mehr dar\u00fcber, wie ich meine Kunden mit \u00dcbersetzungen unterst\u00fctze und ihren Erfolg maximiere.\" \/>\n<meta property=\"og:url\" content=\"https:\/\/creativetranslationworks.co.uk\/de\/zufriedene-kunden\/\" \/>\n<meta property=\"og:site_name\" content=\"Creative TranslationWorks\" \/>\n<meta property=\"article:modified_time\" content=\"2022-05-16T10:41:38+00:00\" \/>\n<meta name=\"twitter:card\" content=\"summary_large_image\" \/>\n<meta name=\"twitter:label1\" content=\"Gesch\u00e4tzte Lesezeit\" \/>\n\t<meta name=\"twitter:data1\" content=\"2\u00a0Minuten\" \/>\n<script type=\"application\/ld+json\" class=\"yoast-schema-graph\">{\"@context\":\"https:\/\/schema.org\",\"@graph\":[{\"@type\":\"WebPage\",\"@id\":\"https:\/\/creativetranslationworks.co.uk\/de\/zufriedene-kunden\/\",\"url\":\"https:\/\/creativetranslationworks.co.uk\/de\/zufriedene-kunden\/\",\"name\":\"Fach\u00fcbersetzerin und Transkreatorin Deutsch-Englisch | Kundenresonanz\",\"isPartOf\":{\"@id\":\"https:\/\/creativetranslationworks.co.uk\/#website\"},\"datePublished\":\"2021-07-26T11:17:41+00:00\",\"dateModified\":\"2022-05-16T10:41:38+00:00\",\"description\":\"\u201eIch kann Lisa f\u00fcr \u00dcbersetzungen von DE auf EN definitiv weiterempfehlen.\u201c Lesen Sie mehr dar\u00fcber, wie ich meine Kunden mit \u00dcbersetzungen unterst\u00fctze und ihren Erfolg maximiere.\",\"breadcrumb\":{\"@id\":\"https:\/\/creativetranslationworks.co.uk\/de\/zufriedene-kunden\/#breadcrumb\"},\"inLanguage\":\"de\",\"potentialAction\":[{\"@type\":\"ReadAction\",\"target\":[\"https:\/\/creativetranslationworks.co.uk\/de\/zufriedene-kunden\/\"]}]},{\"@type\":\"BreadcrumbList\",\"@id\":\"https:\/\/creativetranslationworks.co.uk\/de\/zufriedene-kunden\/#breadcrumb\",\"itemListElement\":[{\"@type\":\"ListItem\",\"position\":1,\"name\":\"Home\",\"item\":\"https:\/\/creativetranslationworks.co.uk\/de\/\"},{\"@type\":\"ListItem\",\"position\":2,\"name\":\"Kundenresonanz\"}]},{\"@type\":\"WebSite\",\"@id\":\"https:\/\/creativetranslationworks.co.uk\/#website\",\"url\":\"https:\/\/creativetranslationworks.co.uk\/\",\"name\":\"Creative TranslationWorks\",\"description\":\"Communicating your brand to the UK market\",\"potentialAction\":[{\"@type\":\"SearchAction\",\"target\":{\"@type\":\"EntryPoint\",\"urlTemplate\":\"https:\/\/creativetranslationworks.co.uk\/?s={search_term_string}\"},\"query-input\":\"required name=search_term_string\"}],\"inLanguage\":\"de\"}]}<\/script>\n<!-- \/ Yoast SEO plugin. -->","yoast_head_json":{"title":"Fach\u00fcbersetzerin und Transkreatorin Deutsch-Englisch | Kundenresonanz","description":"\u201eIch kann Lisa f\u00fcr \u00dcbersetzungen von DE auf EN definitiv weiterempfehlen.\u201c Lesen Sie mehr dar\u00fcber, wie ich meine Kunden mit \u00dcbersetzungen unterst\u00fctze und ihren Erfolg maximiere.","robots":{"index":"index","follow":"follow","max-snippet":"max-snippet:-1","max-image-preview":"max-image-preview:large","max-video-preview":"max-video-preview:-1"},"canonical":"https:\/\/creativetranslationworks.co.uk\/de\/zufriedene-kunden\/","og_locale":"de_DE","og_type":"article","og_title":"Fach\u00fcbersetzerin und Transkreatorin Deutsch-Englisch | Kundenresonanz","og_description":"\u201eIch kann Lisa f\u00fcr \u00dcbersetzungen von DE auf EN definitiv weiterempfehlen.\u201c Lesen Sie mehr dar\u00fcber, wie ich meine Kunden mit \u00dcbersetzungen unterst\u00fctze und ihren Erfolg maximiere.","og_url":"https:\/\/creativetranslationworks.co.uk\/de\/zufriedene-kunden\/","og_site_name":"Creative TranslationWorks","article_modified_time":"2022-05-16T10:41:38+00:00","twitter_card":"summary_large_image","twitter_misc":{"Gesch\u00e4tzte Lesezeit":"2\u00a0Minuten"},"schema":{"@context":"https:\/\/schema.org","@graph":[{"@type":"WebPage","@id":"https:\/\/creativetranslationworks.co.uk\/de\/zufriedene-kunden\/","url":"https:\/\/creativetranslationworks.co.uk\/de\/zufriedene-kunden\/","name":"Fach\u00fcbersetzerin und Transkreatorin Deutsch-Englisch | Kundenresonanz","isPartOf":{"@id":"https:\/\/creativetranslationworks.co.uk\/#website"},"datePublished":"2021-07-26T11:17:41+00:00","dateModified":"2022-05-16T10:41:38+00:00","description":"\u201eIch kann Lisa f\u00fcr \u00dcbersetzungen von DE auf EN definitiv weiterempfehlen.\u201c Lesen Sie mehr dar\u00fcber, wie ich meine Kunden mit \u00dcbersetzungen unterst\u00fctze und ihren Erfolg maximiere.","breadcrumb":{"@id":"https:\/\/creativetranslationworks.co.uk\/de\/zufriedene-kunden\/#breadcrumb"},"inLanguage":"de","potentialAction":[{"@type":"ReadAction","target":["https:\/\/creativetranslationworks.co.uk\/de\/zufriedene-kunden\/"]}]},{"@type":"BreadcrumbList","@id":"https:\/\/creativetranslationworks.co.uk\/de\/zufriedene-kunden\/#breadcrumb","itemListElement":[{"@type":"ListItem","position":1,"name":"Home","item":"https:\/\/creativetranslationworks.co.uk\/de\/"},{"@type":"ListItem","position":2,"name":"Kundenresonanz"}]},{"@type":"WebSite","@id":"https:\/\/creativetranslationworks.co.uk\/#website","url":"https:\/\/creativetranslationworks.co.uk\/","name":"Creative TranslationWorks","description":"Communicating your brand to the UK market","potentialAction":[{"@type":"SearchAction","target":{"@type":"EntryPoint","urlTemplate":"https:\/\/creativetranslationworks.co.uk\/?s={search_term_string}"},"query-input":"required name=search_term_string"}],"inLanguage":"de"}]}},"_links":{"self":[{"href":"https:\/\/creativetranslationworks.co.uk\/de\/wp-json\/wp\/v2\/pages\/5437","targetHints":{"allow":["GET"]}}],"collection":[{"href":"https:\/\/creativetranslationworks.co.uk\/de\/wp-json\/wp\/v2\/pages"}],"about":[{"href":"https:\/\/creativetranslationworks.co.uk\/de\/wp-json\/wp\/v2\/types\/page"}],"author":[{"embeddable":true,"href":"https:\/\/creativetranslationworks.co.uk\/de\/wp-json\/wp\/v2\/users\/1"}],"replies":[{"embeddable":true,"href":"https:\/\/creativetranslationworks.co.uk\/de\/wp-json\/wp\/v2\/comments?post=5437"}],"version-history":[{"count":9,"href":"https:\/\/creativetranslationworks.co.uk\/de\/wp-json\/wp\/v2\/pages\/5437\/revisions"}],"predecessor-version":[{"id":5596,"href":"https:\/\/creativetranslationworks.co.uk\/de\/wp-json\/wp\/v2\/pages\/5437\/revisions\/5596"}],"wp:attachment":[{"href":"https:\/\/creativetranslationworks.co.uk\/de\/wp-json\/wp\/v2\/media?parent=5437"}],"curies":[{"name":"wp","href":"https:\/\/api.w.org\/{rel}","templated":true}]}}